{"id":1267,"date":"2024-10-18T21:01:15","date_gmt":"2024-10-18T19:01:15","guid":{"rendered":"https:\/\/www.sprachschule-aktiv-freiburg.de\/anmeldung-fuer-sprachkurse\/"},"modified":"2025-01-13T10:13:01","modified_gmt":"2025-01-13T09:13:01","slug":"inscripcion-para-cursos-de-idiomas","status":"publish","type":"page","link":"https:\/\/www.sprachschule-aktiv-freiburg.de\/es\/inscripcion-para-cursos-de-idiomas\/","title":{"rendered":"Inscripci\u00f3n para cursos de idiomas"},"content":{"rendered":"\t\t<div data-elementor-type=\"wp-page\" data-elementor-id=\"1267\" class=\"elementor elementor-1267\">\n\t\t\t\t<div class=\"elementor-element elementor-element-63386da e-flex e-con-boxed e-con e-parent\" data-id=\"63386da\" data-element_type=\"container\" data-e-type=\"container\">\n\t\t\t\t\t<div class=\"e-con-inner\">\n\t\t\t\t<div class=\"elementor-element elementor-element-6abae60 elementor-widget elementor-widget-heading\" data-id=\"6abae60\" data-element_type=\"widget\" data-e-type=\"widget\" data-widget_type=\"heading.default\">\n\t\t\t\t<div class=\"elementor-widget-container\">\n\t\t\t\t\t<h2 class=\"elementor-heading-title elementor-size-default\">Inscripci\u00f3n para cursos de idiomas<\/h2>\t\t\t\t<\/div>\n\t\t\t\t<\/div>\n\t\t\t\t<div class=\"elementor-element elementor-element-293ac7d elementor-widget elementor-widget-text-editor\" data-id=\"293ac7d\" data-element_type=\"widget\" data-e-type=\"widget\" data-widget_type=\"text-editor.default\">\n\t\t\t\t<div class=\"elementor-widget-container\">\n\t\t\t\t\t\t\t\t\t<p>Inscripci\u00f3n para cursos de idiomas &#8211; Por favor, complete el formulario de inscripci\u00f3n para el curso de idiomas deseado.<\/p>\t\t\t\t\t\t\t\t<\/div>\n\t\t\t\t<\/div>\n\t\t\t\t\t<\/div>\n\t\t\t\t<\/div>\n\t\t<div class=\"elementor-element elementor-element-ed6f21c e-flex e-con-boxed e-con e-parent\" data-id=\"ed6f21c\" data-element_type=\"container\" data-e-type=\"container\">\n\t\t\t\t\t<div class=\"e-con-inner\">\n\t\t\t\t<div class=\"elementor-element elementor-element-e4a118b elementor-widget elementor-widget-text-editor\" data-id=\"e4a118b\" data-element_type=\"widget\" data-e-type=\"widget\" data-widget_type=\"text-editor.default\">\n\t\t\t\t<div class=\"elementor-widget-container\">\n\t\t\t\t\t\t\t\t\t\n<div class=\"wpcf7 no-js\" id=\"wpcf7-f1272-o1\" lang=\"es-ES\" dir=\"ltr\" data-wpcf7-id=\"1272\">\n<div class=\"screen-reader-response\"><p role=\"status\" aria-live=\"polite\" aria-atomic=\"true\"><\/p> <ul><\/ul><\/div>\n<form action=\"\/es\/wp-json\/wp\/v2\/pages\/1267#wpcf7-f1272-o1\" method=\"post\" class=\"wpcf7-form init wpcf7-acceptance-as-validation\" aria-label=\"Formulario de contacto\" novalidate=\"novalidate\" data-status=\"init\">\n<fieldset class=\"hidden-fields-container\"><input type=\"hidden\" name=\"_wpcf7\" value=\"1272\" \/><input type=\"hidden\" name=\"_wpcf7_version\" value=\"6.1.5\" \/><input type=\"hidden\" name=\"_wpcf7_locale\" value=\"es_ES\" \/><input type=\"hidden\" name=\"_wpcf7_unit_tag\" value=\"wpcf7-f1272-o1\" \/><input type=\"hidden\" name=\"_wpcf7_container_post\" value=\"0\" \/><input type=\"hidden\" name=\"_wpcf7_posted_data_hash\" value=\"\" \/>\n<\/fieldset>\n<p>&nbsp;\n<\/p>\n<p><b>Informaci\u00f3pn personal<\/b>\n<\/p>\n<div class=\"two-columns\">\n\t<div class=\"column\">\n\t\t<p>G\u00e9nero: <span class=\"wpcf7-form-control-wrap\" data-name=\"anrede\"><select class=\"wpcf7-form-control wpcf7-select\" aria-invalid=\"false\" name=\"anrede\"><option value=\"\">&#8212;Por favor, elige una opci\u00f3n&#8212;<\/option><option value=\"Mujer\">Mujer<\/option><option value=\"Hombre\">Hombre<\/option><\/select><\/span>\n\t\t<\/p>\n\t<\/div>\n\t<div class=\"column\">\n\t\t<p>Empresa: <span class=\"wpcf7-form-control-wrap\" data-name=\"Firma\"><input size=\"40\" maxlength=\"400\" class=\"wpcf7-form-control wpcf7-text\" aria-invalid=\"false\" value=\"\" type=\"text\" name=\"Firma\" \/><\/span>\n\t\t<\/p>\n\t<\/div>\n<\/div>\n<div class=\"two-columns\">\n\t<div class=\"column\">\n\t\t<p>Nombre (*): <span class=\"wpcf7-form-control-wrap\" data-name=\"Vorname\"><input size=\"40\" maxlength=\"400\" class=\"wpcf7-form-control wpcf7-text wpcf7-validates-as-required\" aria-required=\"true\" aria-invalid=\"false\" value=\"\" type=\"text\" name=\"Vorname\" \/><\/span>\n\t\t<\/p>\n\t<\/div>\n\t<div class=\"column\">\n\t\t<p>Apellidos (*): <span class=\"wpcf7-form-control-wrap\" data-name=\"Nachname\"><input size=\"40\" maxlength=\"400\" class=\"wpcf7-form-control wpcf7-text wpcf7-validates-as-required\" aria-required=\"true\" aria-invalid=\"false\" value=\"\" type=\"text\" name=\"Nachname\" \/><\/span>\n\t\t<\/p>\n\t<\/div>\n<\/div>\n<div class=\"two-columns\">\n\t<div class=\"column\">\n\t\t<p>Tel\u00e9fono (*): <span class=\"wpcf7-form-control-wrap\" data-name=\"Telefon\"><input size=\"40\" maxlength=\"400\" class=\"wpcf7-form-control wpcf7-text wpcf7-validates-as-required\" aria-required=\"true\" aria-invalid=\"false\" value=\"\" type=\"text\" name=\"Telefon\" \/><\/span>\n\t\t<\/p>\n\t<\/div>\n\t<div class=\"column\">\n\t\t<p>Direcci\u00f3n E-Mail (*): <span class=\"wpcf7-form-control-wrap\" data-name=\"your-email\"><input size=\"40\" maxlength=\"400\" class=\"wpcf7-form-control wpcf7-email wpcf7-validates-as-required wpcf7-text wpcf7-validates-as-email\" aria-required=\"true\" aria-invalid=\"false\" value=\"\" type=\"email\" name=\"your-email\" \/><\/span>\n\t\t<\/p>\n\t<\/div>\n<\/div>\n<p>&nbsp;\n<\/p>\n<p><b>Direcci\u00f3n completa<\/b>\n<\/p>\n<div class=\"two-columns\">\n\t<div class=\"column\">\n\t\t<p>Calle (*): <span class=\"wpcf7-form-control-wrap\" data-name=\"Adresse\"><input size=\"40\" maxlength=\"400\" class=\"wpcf7-form-control wpcf7-text wpcf7-validates-as-required\" aria-required=\"true\" aria-invalid=\"false\" value=\"\" type=\"text\" name=\"Adresse\" \/><\/span>\n\t\t<\/p>\n\t<\/div>\n\t<div class=\"column\">\n\t\t<p>N\u00famero: (*): <span class=\"wpcf7-form-control-wrap\" data-name=\"Hausnummer\"><input size=\"40\" maxlength=\"400\" class=\"wpcf7-form-control wpcf7-text wpcf7-validates-as-required\" aria-required=\"true\" aria-invalid=\"false\" value=\"\" type=\"text\" name=\"Hausnummer\" \/><\/span>\n\t\t<\/p>\n\t<\/div>\n<\/div>\n<div class=\"two-columns\">\n\t<div class=\"column\">\n\t\t<p>C\u00f3digo postal (*): <span class=\"wpcf7-form-control-wrap\" data-name=\"PLZ\"><input size=\"40\" maxlength=\"400\" class=\"wpcf7-form-control wpcf7-text wpcf7-validates-as-required\" aria-required=\"true\" aria-invalid=\"false\" value=\"\" type=\"text\" name=\"PLZ\" \/><\/span>\n\t\t<\/p>\n\t<\/div>\n\t<div class=\"column\">\n\t\t<p>Ciudad (*): <span class=\"wpcf7-form-control-wrap\" data-name=\"Ort\"><input size=\"40\" maxlength=\"400\" class=\"wpcf7-form-control wpcf7-text wpcf7-validates-as-required\" aria-required=\"true\" aria-invalid=\"false\" value=\"\" type=\"text\" name=\"Ort\" \/><\/span>\n\t\t<\/p>\n\t<\/div>\n<\/div>\n<p>&nbsp;\n<\/p>\n<p><b>Informaci\u00f3n del curso:<\/b>\n<\/p>\n<div class=\"two-columns\">\n\t<div class=\"column\">\n\t\t<p>\u00bfQu\u00e9 idioma le gustar\u00eda aprender?* : <span class=\"wpcf7-form-control-wrap\" data-name=\"Sprache\"><input size=\"40\" maxlength=\"400\" class=\"wpcf7-form-control wpcf7-text wpcf7-validates-as-required\" aria-required=\"true\" aria-invalid=\"false\" placeholder=\"Por ejemplo, alem\u00e1n, ingl\u00e9s, espa\u00f1ol\" value=\"\" type=\"text\" name=\"Sprache\" \/><\/span>\n\t\t<\/p>\n\t<\/div>\n\t<div class=\"column\">\n\t\t<p>Tipo de curso*: <span class=\"wpcf7-form-control-wrap\" data-name=\"Kursart\"><select class=\"wpcf7-form-control wpcf7-select wpcf7-validates-as-required\" aria-required=\"true\" aria-invalid=\"false\" name=\"Kursart\"><option value=\"\">&#8212;Por favor, elige una opci\u00f3n&#8212;<\/option><option value=\"4 semanas curso intensivo: 499,00 \u20ac\">4 semanas curso intensivo: 499,00 \u20ac<\/option><option value=\"Oferta especial: 16 semanas: 449,00 \u20ac \/mes - 1796,00 \u20ac en total\">Oferta especial: 16 semanas: 449,00 \u20ac \/mes &#8211; 1796,00 \u20ac en total<\/option><option value=\"Oferta especial: 2 meses + examen Telc: 1099,00 \u20ac\">Oferta especial: 2 meses + examen Telc: 1099,00 \u20ac<\/option><option value=\"Oferta especial: Cuatro meses curso de alem\u00e1n en horario nocturno por 998,00 \u20ac\">Oferta especial: Cuatro meses curso de alem\u00e1n en horario nocturno por 998,00 \u20ac<\/option><option value=\"SOLO PARA NUEVOS CLIENTES: 899,00 \u20ac por ocho semanas de curso intensivo de alem\u00e1n\">SOLO PARA NUEVOS CLIENTES: 899,00 \u20ac por ocho semanas de curso intensivo de alem\u00e1n<\/option><option value=\"Curso de alem\u00e1n en horario nocturno 279,00 \u20ac por cuatro semanas\">Curso de alem\u00e1n en horario nocturno 279,00 \u20ac por cuatro semanas<\/option><option value=\"Curso de alem\u00e1n para visado: 499,00 \u20ac por mes\">Curso de alem\u00e1n para visado: 499,00 \u20ac por mes<\/option><option value=\"Preparaci\u00f3n para FSP alem\u00e1n 699,00 \u20ac por cuatro semanas\">Preparaci\u00f3n para FSP alem\u00e1n 699,00 \u20ac por cuatro semanas<\/option><option value=\"Oferta especial: Preparaci\u00f3n para FSP alem\u00e1n 1198,00 \u20ac por ocho semanas\">Oferta especial: Preparaci\u00f3n para FSP alem\u00e1n 1198,00 \u20ac por ocho semanas<\/option><option value=\"Curso nocturno de idiomas extranjeros 349,00 \u20ac por cuatro semanas\">Curso nocturno de idiomas extranjeros 349,00 \u20ac por cuatro semanas<\/option><option value=\"Clases privadas\">Clases privadas<\/option><\/select><\/span>\n\t\t<\/p>\n\t<\/div>\n<\/div>\n<div class=\"two-columns\">\n\t<div class=\"column\">\n\t\t<p>Nivel*: <span class=\"wpcf7-form-control-wrap\" data-name=\"niveau\"><select class=\"wpcf7-form-control wpcf7-select wpcf7-validates-as-required\" aria-required=\"true\" aria-invalid=\"false\" name=\"niveau\"><option value=\"A1.1 (Principiante)\">A1.1 (Principiante)<\/option><option value=\"A1.2 (Principiante)\">A1.2 (Principiante)<\/option><option value=\"A2.1 (Elemental\/Basico)\">A2.1 (Elemental\/Basico)<\/option><option value=\"A2.2 (Elemental\/Basico)\">A2.2 (Elemental\/Basico)<\/option><option value=\"B1.1 (Intermedio\/Nivel medio)\">B1.1 (Intermedio\/Nivel medio)<\/option><option value=\"B1.2 (Intermedio\/Nivel medio)\">B1.2 (Intermedio\/Nivel medio)<\/option><option value=\"B2.1 (Avanzado\/buen nivel intermedio)\">B2.1 (Avanzado\/buen nivel intermedio)<\/option><option value=\"B2.2 (Avanzado\/buen nivel intermedio)\">B2.2 (Avanzado\/buen nivel intermedio)<\/option><option value=\"C1 (Avanzado\/conocimientos avanzados)\">C1 (Avanzado\/conocimientos avanzados)<\/option><option value=\"C2 (Dominio\/excelentes conocimientos)\">C2 (Dominio\/excelentes conocimientos)<\/option><\/select><\/span>\n\t\t<\/p>\n\t<\/div>\n\t<div class=\"column\">\n\t\t<p>Fecha de comienzo*: <span class=\"wpcf7-form-control-wrap\" data-name=\"Kursbeginn\"><input class=\"wpcf7-form-control wpcf7-date wpcf7-validates-as-required wpcf7-validates-as-date\" aria-required=\"true\" aria-invalid=\"false\" value=\"\" type=\"date\" name=\"Kursbeginn\" \/><\/span>\n\t\t<\/p>\n\t<\/div>\n<\/div>\n<div class=\"two-columns\">\n\t<div class=\"column\">\n\t\t<p>Duraci\u00f3n del curso*: <span class=\"wpcf7-form-control-wrap\" data-name=\"dauer\"><input size=\"40\" maxlength=\"400\" class=\"wpcf7-form-control wpcf7-text wpcf7-validates-as-required\" aria-required=\"true\" aria-invalid=\"false\" placeholder=\"Por ejemplo, 4 semanas para curso intensivo\" value=\"\" type=\"text\" name=\"dauer\" \/><\/span>\n\t\t<\/p>\n\t<\/div>\n\t<div class=\"column\">\n\t\t<p>Horario deseado: <span class=\"wpcf7-form-control-wrap\" data-name=\"Stundenzahl\"><input size=\"40\" maxlength=\"400\" class=\"wpcf7-form-control wpcf7-text\" aria-invalid=\"false\" value=\"\" type=\"text\" name=\"Stundenzahl\" \/><\/span>\n\t\t<\/p>\n\t<\/div>\n<\/div>\n<p>&nbsp;\n<\/p>\n<p><b>Pago:<\/b>\n<\/p>\n<p>M\u00e9todos de pago: <span class=\"wpcf7-form-control-wrap\" data-name=\"Zahlung\"><select class=\"wpcf7-form-control wpcf7-select wpcf7-validates-as-required\" aria-required=\"true\" aria-invalid=\"false\" name=\"Zahlung\"><option value=\"En efectivo durante el horario comercial de nuestras oficinas\">En efectivo durante el horario comercial de nuestras oficinas<\/option><option value=\"Taansferencia\">Taansferencia<\/option><\/select><\/span>\n<\/p>\n<p>&nbsp;\n<\/p>\n<p><b>Comentarios, observaciones<\/b><br \/>\n<span class=\"wpcf7-form-control-wrap\" data-name=\"Bemerkungen\"><textarea cols=\"40\" rows=\"10\" maxlength=\"2000\" class=\"wpcf7-form-control wpcf7-textarea\" aria-invalid=\"false\" name=\"Bemerkungen\"><\/textarea><\/span>\n<\/p>\n<div style=\"\">\n\t<p><span class=\"wpcf7-form-control-wrap\" data-name=\"agb\"><span class=\"wpcf7-form-control wpcf7-acceptance\"><span class=\"wpcf7-list-item\"><input type=\"checkbox\" name=\"agb\" value=\"1\" aria-invalid=\"false\" \/><\/span><\/span><\/span> (*) He tomado nota de los <a href=\"https:\/\/www.sprachschule-aktiv-freiburg.de\/allgemeineoe-geschaeftsbedingungen\/\" target=\"_blank\">T\u00e9rminos y Condiciones Generales<\/a> (incluida la pol\u00edtica de desistimiento) y estoy de acuerdo con ellos. He tomado nota de las indicaciones sobre la <a href=\"https:\/\/www.sprachschule-aktiv-freiburg.de\/datenschutzerklaerung\/\" target=\"_blank\">Protecci\u00f3n de Datos<\/a>.\n\t<\/p>\n<\/div>\n<div style=\"\">\n\t<p><span class=\"wpcf7-form-control-wrap\" data-name=\"Widerrufsfrist\"><span class=\"wpcf7-form-control wpcf7-acceptance\"><span class=\"wpcf7-list-item\"><input type=\"checkbox\" name=\"Widerrufsfrist\" value=\"1\" aria-invalid=\"false\" \/><\/span><\/span><\/span> (*) Por la presente, declaro expresamente que estoy de acuerdo en que se inicie la prestaci\u00f3n del servicio antes de que finalice el plazo de desistimiento y lo solicito expl\u00edcitamente. Soy consciente de que mi derecho de desistimiento se pierde una vez que el contrato se haya cumplido en su totalidad. Tambi\u00e9n s\u00e9 que estoy obligado a compensar el valor de los servicios parciales ya prestados (por ejemplo, las tarifas de examen incurridas, gastos similares o clases ya recibidas) si rescindo el contrato antes de que se haya prestado el servicio completo.\n\t<\/p>\n<\/div>\n<p><b>Informaci\u00f3n importante \u2013 Uso de sus datos de este formulario<\/b><br \/>\nAviso importante sobre protecci\u00f3n de datos: He tomado nota de que tengo derecho a acceder, corregir, eliminar o anonimizar mis datos. Sus datos personales se almacenar\u00e1n en nuestra base de datos interna y se utilizar\u00e1n exclusivamente para procesar su solicitud o inscripci\u00f3n. En principio, no compartimos sus datos personales con terceros sin su consentimiento, a menos que sea necesario para la ejecuci\u00f3n del contrato o si nos lo solicita. Para m\u00e1s informaci\u00f3n, consulte nuestra <a href=\"https:\/\/www.sprachschule-aktiv-freiburg.de\/datenschutzerklaerung\/\" target=\"_blank\">Pol\u00edtica de Privacidad<\/a>.\n<\/p>\n<p><input class=\"wpcf7-form-control wpcf7-submit has-spinner\" type=\"submit\" value=\"Registrarme ahora\" \/>\n<\/p><div class=\"wpcf7-response-output\" aria-hidden=\"true\"><\/div>\n<\/form>\n<\/div>\n\t\t\t\t\t\t\t\t<\/div>\n\t\t\t\t<\/div>\n\t\t\t\t\t<\/div>\n\t\t\t\t<\/div>\n\t\t\t\t<\/div>\n\t\t","protected":false},"excerpt":{"rendered":"<p>Inscripci\u00f3n para cursos de idiomas Inscripci\u00f3n para cursos de idiomas &#8211; Por favor, complete el formulario de inscripci\u00f3n para el curso de idiomas deseado.<\/p>\n","protected":false},"author":1,"featured_media":0,"parent":0,"menu_order":0,"comment_status":"closed","ping_status":"closed","template":"","meta":{"_acf_changed":false,"footnotes":""},"class_list":["post-1267","page","type-page","status-publish","hentry"],"acf":[],"yoast_head":"<!-- This site is optimized with the Yoast SEO plugin v27.1.1 - https:\/\/yoast.com\/product\/yoast-seo-wordpress\/ -->\n<title>Inscripci\u00f3n para nuestros cursos de idiomas en Friburgo - Aprender alem\u00e1n<\/title>\n<meta name=\"description\" content=\"En esta p\u00e1gina puede inscribirse con gusto en un curso de idiomas. Formulario de inscripci\u00f3n para los cursos de idiomas de la Escuela de Idiomas Aktiv Freiburg.\" \/>\n<meta name=\"robots\" content=\"index, follow, max-snippet:-1, max-image-preview:large, max-video-preview:-1\" \/>\n<link rel=\"canonical\" href=\"https:\/\/www.sprachschule-aktiv-freiburg.de\/es\/inscripcion-para-cursos-de-idiomas\/\" \/>\n<meta property=\"og:locale\" content=\"es_ES\" \/>\n<meta property=\"og:type\" content=\"article\" \/>\n<meta property=\"og:title\" content=\"Inscripci\u00f3n para nuestros cursos de idiomas en Friburgo - Aprender alem\u00e1n\" \/>\n<meta property=\"og:description\" content=\"En esta p\u00e1gina puede inscribirse con gusto en un curso de idiomas. Formulario de inscripci\u00f3n para los cursos de idiomas de la Escuela de Idiomas Aktiv Freiburg.\" \/>\n<meta property=\"og:url\" content=\"https:\/\/www.sprachschule-aktiv-freiburg.de\/es\/inscripcion-para-cursos-de-idiomas\/\" \/>\n<meta property=\"og:site_name\" content=\"Sprachschule Aktiv Freiburg\" \/>\n<meta property=\"article:modified_time\" content=\"2025-01-13T09:13:01+00:00\" \/>\n<meta name=\"twitter:card\" content=\"summary_large_image\" \/>\n<meta name=\"twitter:label1\" content=\"Tiempo de lectura\" \/>\n\t<meta name=\"twitter:data1\" content=\"1 minuto\" \/>\n<script type=\"application\/ld+json\" class=\"yoast-schema-graph\">{\"@context\":\"https:\/\/schema.org\",\"@graph\":[{\"@type\":\"WebPage\",\"@id\":\"https:\/\/www.sprachschule-aktiv-freiburg.de\/es\/inscripcion-para-cursos-de-idiomas\/\",\"url\":\"https:\/\/www.sprachschule-aktiv-freiburg.de\/es\/inscripcion-para-cursos-de-idiomas\/\",\"name\":\"Inscripci\u00f3n para nuestros cursos de idiomas en Friburgo - Aprender alem\u00e1n\",\"isPartOf\":{\"@id\":\"https:\/\/www.sprachschule-aktiv-freiburg.de\/#website\"},\"datePublished\":\"2024-10-18T19:01:15+00:00\",\"dateModified\":\"2025-01-13T09:13:01+00:00\",\"description\":\"En esta p\u00e1gina puede inscribirse con gusto en un curso de idiomas. Formulario de inscripci\u00f3n para los cursos de idiomas de la Escuela de Idiomas Aktiv Freiburg.\",\"breadcrumb\":{\"@id\":\"https:\/\/www.sprachschule-aktiv-freiburg.de\/es\/inscripcion-para-cursos-de-idiomas\/#breadcrumb\"},\"inLanguage\":\"es\",\"potentialAction\":[{\"@type\":\"ReadAction\",\"target\":[\"https:\/\/www.sprachschule-aktiv-freiburg.de\/es\/inscripcion-para-cursos-de-idiomas\/\"]}]},{\"@type\":\"BreadcrumbList\",\"@id\":\"https:\/\/www.sprachschule-aktiv-freiburg.de\/es\/inscripcion-para-cursos-de-idiomas\/#breadcrumb\",\"itemListElement\":[{\"@type\":\"ListItem\",\"position\":1,\"name\":\"Startseite\",\"item\":\"https:\/\/www.sprachschule-aktiv-freiburg.de\/\"},{\"@type\":\"ListItem\",\"position\":2,\"name\":\"Inscripci\u00f3n para cursos de idiomas\"}]},{\"@type\":\"WebSite\",\"@id\":\"https:\/\/www.sprachschule-aktiv-freiburg.de\/#website\",\"url\":\"https:\/\/www.sprachschule-aktiv-freiburg.de\/\",\"name\":\"Sprachschule Aktiv Freiburg\",\"description\":\"\",\"potentialAction\":[{\"@type\":\"SearchAction\",\"target\":{\"@type\":\"EntryPoint\",\"urlTemplate\":\"https:\/\/www.sprachschule-aktiv-freiburg.de\/?s={search_term_string}\"},\"query-input\":{\"@type\":\"PropertyValueSpecification\",\"valueRequired\":true,\"valueName\":\"search_term_string\"}}],\"inLanguage\":\"es\"}]}<\/script>\n<!-- \/ Yoast SEO plugin. -->","yoast_head_json":{"title":"Inscripci\u00f3n para nuestros cursos de idiomas en Friburgo - Aprender alem\u00e1n","description":"En esta p\u00e1gina puede inscribirse con gusto en un curso de idiomas. Formulario de inscripci\u00f3n para los cursos de idiomas de la Escuela de Idiomas Aktiv Freiburg.","robots":{"index":"index","follow":"follow","max-snippet":"max-snippet:-1","max-image-preview":"max-image-preview:large","max-video-preview":"max-video-preview:-1"},"canonical":"https:\/\/www.sprachschule-aktiv-freiburg.de\/es\/inscripcion-para-cursos-de-idiomas\/","og_locale":"es_ES","og_type":"article","og_title":"Inscripci\u00f3n para nuestros cursos de idiomas en Friburgo - Aprender alem\u00e1n","og_description":"En esta p\u00e1gina puede inscribirse con gusto en un curso de idiomas. Formulario de inscripci\u00f3n para los cursos de idiomas de la Escuela de Idiomas Aktiv Freiburg.","og_url":"https:\/\/www.sprachschule-aktiv-freiburg.de\/es\/inscripcion-para-cursos-de-idiomas\/","og_site_name":"Sprachschule Aktiv Freiburg","article_modified_time":"2025-01-13T09:13:01+00:00","twitter_card":"summary_large_image","twitter_misc":{"Tiempo de lectura":"1 minuto"},"schema":{"@context":"https:\/\/schema.org","@graph":[{"@type":"WebPage","@id":"https:\/\/www.sprachschule-aktiv-freiburg.de\/es\/inscripcion-para-cursos-de-idiomas\/","url":"https:\/\/www.sprachschule-aktiv-freiburg.de\/es\/inscripcion-para-cursos-de-idiomas\/","name":"Inscripci\u00f3n para nuestros cursos de idiomas en Friburgo - Aprender alem\u00e1n","isPartOf":{"@id":"https:\/\/www.sprachschule-aktiv-freiburg.de\/#website"},"datePublished":"2024-10-18T19:01:15+00:00","dateModified":"2025-01-13T09:13:01+00:00","description":"En esta p\u00e1gina puede inscribirse con gusto en un curso de idiomas. Formulario de inscripci\u00f3n para los cursos de idiomas de la Escuela de Idiomas Aktiv Freiburg.","breadcrumb":{"@id":"https:\/\/www.sprachschule-aktiv-freiburg.de\/es\/inscripcion-para-cursos-de-idiomas\/#breadcrumb"},"inLanguage":"es","potentialAction":[{"@type":"ReadAction","target":["https:\/\/www.sprachschule-aktiv-freiburg.de\/es\/inscripcion-para-cursos-de-idiomas\/"]}]},{"@type":"BreadcrumbList","@id":"https:\/\/www.sprachschule-aktiv-freiburg.de\/es\/inscripcion-para-cursos-de-idiomas\/#breadcrumb","itemListElement":[{"@type":"ListItem","position":1,"name":"Startseite","item":"https:\/\/www.sprachschule-aktiv-freiburg.de\/"},{"@type":"ListItem","position":2,"name":"Inscripci\u00f3n para cursos de idiomas"}]},{"@type":"WebSite","@id":"https:\/\/www.sprachschule-aktiv-freiburg.de\/#website","url":"https:\/\/www.sprachschule-aktiv-freiburg.de\/","name":"Sprachschule Aktiv Freiburg","description":"","potentialAction":[{"@type":"SearchAction","target":{"@type":"EntryPoint","urlTemplate":"https:\/\/www.sprachschule-aktiv-freiburg.de\/?s={search_term_string}"},"query-input":{"@type":"PropertyValueSpecification","valueRequired":true,"valueName":"search_term_string"}}],"inLanguage":"es"}]}},"_links":{"self":[{"href":"https:\/\/www.sprachschule-aktiv-freiburg.de\/es\/wp-json\/wp\/v2\/pages\/1267","targetHints":{"allow":["GET"]}}],"collection":[{"href":"https:\/\/www.sprachschule-aktiv-freiburg.de\/es\/wp-json\/wp\/v2\/pages"}],"about":[{"href":"https:\/\/www.sprachschule-aktiv-freiburg.de\/es\/wp-json\/wp\/v2\/types\/page"}],"author":[{"embeddable":true,"href":"https:\/\/www.sprachschule-aktiv-freiburg.de\/es\/wp-json\/wp\/v2\/users\/1"}],"replies":[{"embeddable":true,"href":"https:\/\/www.sprachschule-aktiv-freiburg.de\/es\/wp-json\/wp\/v2\/comments?post=1267"}],"version-history":[{"count":10,"href":"https:\/\/www.sprachschule-aktiv-freiburg.de\/es\/wp-json\/wp\/v2\/pages\/1267\/revisions"}],"predecessor-version":[{"id":1278,"href":"https:\/\/www.sprachschule-aktiv-freiburg.de\/es\/wp-json\/wp\/v2\/pages\/1267\/revisions\/1278"}],"wp:attachment":[{"href":"https:\/\/www.sprachschule-aktiv-freiburg.de\/es\/wp-json\/wp\/v2\/media?parent=1267"}],"curies":[{"name":"wp","href":"https:\/\/api.w.org\/{rel}","templated":true}]}}