{"id":1338,"date":"2024-10-18T21:01:15","date_gmt":"2024-10-18T19:01:15","guid":{"rendered":"https:\/\/www.sprachschule-aktiv-freiburg.de\/anmeldung-fuer-sprachkurse\/"},"modified":"2025-01-14T09:30:33","modified_gmt":"2025-01-14T08:30:33","slug":"iscrizione-ai-corsi-di-lingue","status":"publish","type":"page","link":"https:\/\/www.sprachschule-aktiv-freiburg.de\/it\/iscrizione-ai-corsi-di-lingue\/","title":{"rendered":"Iscrizione ai corsi di lingue"},"content":{"rendered":"\t\t<div data-elementor-type=\"wp-page\" data-elementor-id=\"1338\" class=\"elementor elementor-1338\">\n\t\t\t\t<div class=\"elementor-element elementor-element-63386da e-flex e-con-boxed e-con e-parent\" data-id=\"63386da\" data-element_type=\"container\" data-e-type=\"container\">\n\t\t\t\t\t<div class=\"e-con-inner\">\n\t\t\t\t<div class=\"elementor-element elementor-element-6abae60 elementor-widget elementor-widget-heading\" data-id=\"6abae60\" data-element_type=\"widget\" data-e-type=\"widget\" data-widget_type=\"heading.default\">\n\t\t\t\t<div class=\"elementor-widget-container\">\n\t\t\t\t\t<h2 class=\"elementor-heading-title elementor-size-default\">Iscrizione ai corsi di lingue<\/h2>\t\t\t\t<\/div>\n\t\t\t\t<\/div>\n\t\t\t\t<div class=\"elementor-element elementor-element-293ac7d elementor-widget elementor-widget-text-editor\" data-id=\"293ac7d\" data-element_type=\"widget\" data-e-type=\"widget\" data-widget_type=\"text-editor.default\">\n\t\t\t\t<div class=\"elementor-widget-container\">\n\t\t\t\t\t\t\t\t\t<p>Iscrizione ai corsi di lingue &#8211; Per favore, compila il modulo di iscrizione per il corso di lingue desiderato.<\/p>\t\t\t\t\t\t\t\t<\/div>\n\t\t\t\t<\/div>\n\t\t\t\t\t<\/div>\n\t\t\t\t<\/div>\n\t\t<div class=\"elementor-element elementor-element-ed6f21c e-flex e-con-boxed e-con e-parent\" data-id=\"ed6f21c\" data-element_type=\"container\" data-e-type=\"container\">\n\t\t\t\t\t<div class=\"e-con-inner\">\n\t\t\t\t<div class=\"elementor-element elementor-element-e4a118b elementor-widget elementor-widget-text-editor\" data-id=\"e4a118b\" data-element_type=\"widget\" data-e-type=\"widget\" data-widget_type=\"text-editor.default\">\n\t\t\t\t<div class=\"elementor-widget-container\">\n\t\t\t\t\t\t\t\t\t\n<div class=\"wpcf7 no-js\" id=\"wpcf7-f1343-o1\" lang=\"it-IT\" dir=\"ltr\" data-wpcf7-id=\"1343\">\n<div class=\"screen-reader-response\"><p role=\"status\" aria-live=\"polite\" aria-atomic=\"true\"><\/p> <ul><\/ul><\/div>\n<form action=\"\/it\/wp-json\/wp\/v2\/pages\/1338#wpcf7-f1343-o1\" method=\"post\" class=\"wpcf7-form init wpcf7-acceptance-as-validation\" aria-label=\"Modulo di contatto\" novalidate=\"novalidate\" data-status=\"init\">\n<fieldset class=\"hidden-fields-container\"><input type=\"hidden\" name=\"_wpcf7\" value=\"1343\" \/><input type=\"hidden\" name=\"_wpcf7_version\" value=\"6.1.5\" \/><input type=\"hidden\" name=\"_wpcf7_locale\" value=\"it_IT\" \/><input type=\"hidden\" name=\"_wpcf7_unit_tag\" value=\"wpcf7-f1343-o1\" \/><input type=\"hidden\" name=\"_wpcf7_container_post\" value=\"0\" \/><input type=\"hidden\" name=\"_wpcf7_posted_data_hash\" value=\"\" \/>\n<\/fieldset>\n<p>&nbsp;\n<\/p>\n<p><b>Dati personali<\/b>\n<\/p>\n<div class=\"two-columns\">\n\t<div class=\"column\">\n\t\t<p>Saluto: <span class=\"wpcf7-form-control-wrap\" data-name=\"anrede\"><select class=\"wpcf7-form-control wpcf7-select\" aria-invalid=\"false\" name=\"anrede\"><option value=\"\">&#8212;Seleziona un&#039;opzione&#8212;<\/option><option value=\"Signora\">Signora<\/option><option value=\"Signore\">Signore<\/option><\/select><\/span>\n\t\t<\/p>\n\t<\/div>\n\t<div class=\"column\">\n\t\t<p>Societ\u00e0: <span class=\"wpcf7-form-control-wrap\" data-name=\"Firma\"><input size=\"40\" maxlength=\"400\" class=\"wpcf7-form-control wpcf7-text\" aria-invalid=\"false\" value=\"\" type=\"text\" name=\"Firma\" \/><\/span>\n\t\t<\/p>\n\t<\/div>\n<\/div>\n<div class=\"two-columns\">\n\t<div class=\"column\">\n\t\t<p>Nome (*): <span class=\"wpcf7-form-control-wrap\" data-name=\"Vorname\"><input size=\"40\" maxlength=\"400\" class=\"wpcf7-form-control wpcf7-text wpcf7-validates-as-required\" aria-required=\"true\" aria-invalid=\"false\" value=\"\" type=\"text\" name=\"Vorname\" \/><\/span>\n\t\t<\/p>\n\t<\/div>\n\t<div class=\"column\">\n\t\t<p>Cognome (*): <span class=\"wpcf7-form-control-wrap\" data-name=\"Nachname\"><input size=\"40\" maxlength=\"400\" class=\"wpcf7-form-control wpcf7-text wpcf7-validates-as-required\" aria-required=\"true\" aria-invalid=\"false\" value=\"\" type=\"text\" name=\"Nachname\" \/><\/span>\n\t\t<\/p>\n\t<\/div>\n<\/div>\n<div class=\"two-columns\">\n\t<div class=\"column\">\n\t\t<p>Telefono (*): <span class=\"wpcf7-form-control-wrap\" data-name=\"Telefon\"><input size=\"40\" maxlength=\"400\" class=\"wpcf7-form-control wpcf7-text wpcf7-validates-as-required\" aria-required=\"true\" aria-invalid=\"false\" value=\"\" type=\"text\" name=\"Telefon\" \/><\/span>\n\t\t<\/p>\n\t<\/div>\n\t<div class=\"column\">\n\t\t<p>Indirizzo e-mail (*): <span class=\"wpcf7-form-control-wrap\" data-name=\"your-email\"><input size=\"40\" maxlength=\"400\" class=\"wpcf7-form-control wpcf7-email wpcf7-validates-as-required wpcf7-text wpcf7-validates-as-email\" aria-required=\"true\" aria-invalid=\"false\" value=\"\" type=\"email\" name=\"your-email\" \/><\/span>\n\t\t<\/p>\n\t<\/div>\n<\/div>\n<p>&nbsp;\n<\/p>\n<p><b>Indirizzo completo<\/b>\n<\/p>\n<div class=\"two-columns\">\n\t<div class=\"column\">\n\t\t<p>Via (*): <span class=\"wpcf7-form-control-wrap\" data-name=\"Adresse\"><input size=\"40\" maxlength=\"400\" class=\"wpcf7-form-control wpcf7-text wpcf7-validates-as-required\" aria-required=\"true\" aria-invalid=\"false\" value=\"\" type=\"text\" name=\"Adresse\" \/><\/span>\n\t\t<\/p>\n\t<\/div>\n\t<div class=\"column\">\n\t\t<p>Numero civico: (*): <span class=\"wpcf7-form-control-wrap\" data-name=\"Hausnummer\"><input size=\"40\" maxlength=\"400\" class=\"wpcf7-form-control wpcf7-text wpcf7-validates-as-required\" aria-required=\"true\" aria-invalid=\"false\" value=\"\" type=\"text\" name=\"Hausnummer\" \/><\/span>\n\t\t<\/p>\n\t<\/div>\n<\/div>\n<div class=\"two-columns\">\n\t<div class=\"column\">\n\t\t<p>CAP (*): <span class=\"wpcf7-form-control-wrap\" data-name=\"PLZ\"><input size=\"40\" maxlength=\"400\" class=\"wpcf7-form-control wpcf7-text wpcf7-validates-as-required\" aria-required=\"true\" aria-invalid=\"false\" value=\"\" type=\"text\" name=\"PLZ\" \/><\/span>\n\t\t<\/p>\n\t<\/div>\n\t<div class=\"column\">\n\t\t<p>Citt\u00e0(*): <span class=\"wpcf7-form-control-wrap\" data-name=\"Ort\"><input size=\"40\" maxlength=\"400\" class=\"wpcf7-form-control wpcf7-text wpcf7-validates-as-required\" aria-required=\"true\" aria-invalid=\"false\" value=\"\" type=\"text\" name=\"Ort\" \/><\/span>\n\t\t<\/p>\n\t<\/div>\n<\/div>\n<p>&nbsp;\n<\/p>\n<p><b>Informazioni sul corso:<\/b>\n<\/p>\n<div class=\"two-columns\">\n\t<div class=\"column\">\n\t\t<p>Quale lingua desidera imparare?* : <span class=\"wpcf7-form-control-wrap\" data-name=\"Sprache\"><input size=\"40\" maxlength=\"400\" class=\"wpcf7-form-control wpcf7-text wpcf7-validates-as-required\" aria-required=\"true\" aria-invalid=\"false\" placeholder=\"ad esempio, tedesco, inglese, spagnolo\" value=\"\" type=\"text\" name=\"Sprache\" \/><\/span>\n\t\t<\/p>\n\t<\/div>\n\t<div class=\"column\">\n\t\t<p>Tipo di corso*: <span class=\"wpcf7-form-control-wrap\" data-name=\"Kursart\"><select class=\"wpcf7-form-control wpcf7-select wpcf7-validates-as-required\" aria-required=\"true\" aria-invalid=\"false\" name=\"Kursart\"><option value=\"\">&#8212;Seleziona un&#039;opzione&#8212;<\/option><option value=\"Corso intensivo di 4 settimane: 499,00 \u20ac\">Corso intensivo di 4 settimane: 499,00 \u20ac<\/option><option value=\"Offerta speciale: 16 settimane: 449,00 \u20ac \/mese - 1796,00 \u20ac in totale.\">Offerta speciale: 16 settimane: 449,00 \u20ac \/mese &#8211; 1796,00 \u20ac in totale.<\/option><option value=\"Offerta speciale: 2 mesi + esame Telc: 1099,00 \u20ac\">Offerta speciale: 2 mesi + esame Telc: 1099,00 \u20ac<\/option><option value=\"Offerta speciale: corso serale di tedesco per quattro mesi a 998,00 \u20ac\">Offerta speciale: corso serale di tedesco per quattro mesi a 998,00 \u20ac<\/option><option value=\"SOLO PER NUOVI CLIENTI: 899,00 \u20ac per otto settimane di corso intensivo di tedesco\">SOLO PER NUOVI CLIENTI: 899,00 \u20ac per otto settimane di corso intensivo di tedesco<\/option><option value=\"Corso serale di tedesco 279,00 \u20ac per quattro settimane\">Corso serale di tedesco 279,00 \u20ac per quattro settimane<\/option><option value=\"Corso di tedesco per visto: 499,00 \u20ac al mese\">Corso di tedesco per visto: 499,00 \u20ac al mese<\/option><option value=\"Preparazione esame FSP di tedesco 699,00 \u20ac per quattro settimane\">Preparazione esame FSP di tedesco 699,00 \u20ac per quattro settimane<\/option><option value=\"Offerta speciale: preparazione esame FSP di tedesco 1198,00 \u20ac per otto settimane\">Offerta speciale: preparazione esame FSP di tedesco 1198,00 \u20ac per otto settimane<\/option><option value=\"Corso serale di lingue straniere 349,00 \u20ac per quattro settimane\">Corso serale di lingue straniere 349,00 \u20ac per quattro settimane<\/option><option value=\"Corsi privati\">Corsi privati<\/option><\/select><\/span>\n\t\t<\/p>\n\t<\/div>\n<\/div>\n<div class=\"two-columns\">\n\t<div class=\"column\">\n\t\t<p>Livello (*): <span class=\"wpcf7-form-control-wrap\" data-name=\"niveau\"><select class=\"wpcf7-form-control wpcf7-select wpcf7-validates-as-required\" aria-required=\"true\" aria-invalid=\"false\" name=\"niveau\"><option value=\"A1.1 (Principiante)\">A1.1 (Principiante)<\/option><option value=\"A1.2 (Principiante)\">A1.2 (Principiante)<\/option><option value=\"A2.1 (Elementare)\">A2.1 (Elementare)<\/option><option value=\"A2.2 (Elementare)\">A2.2 (Elementare)<\/option><option value=\"B1.1 (Intermedio)\">B1.1 (Intermedio)<\/option><option value=\"B1.2 (Intermedio\/Scuola media)\">B1.2 (Intermedio\/Scuola media)<\/option><option value=\"B2.1 (Vantage\/Buono Intermedio)\">B2.1 (Vantage\/Buono Intermedio)<\/option><option value=\"B2.2 (Vantage\/Buono Intermedio)\">B2.2 (Vantage\/Buono Intermedio)<\/option><option value=\"C1 (Avanzate\/conoscenze avanzate)\">C1 (Avanzate\/conoscenze avanzate)<\/option><option value=\"C2 (Proficient\/ottima conoscenza)\">C2 (Proficient\/ottima conoscenza)<\/option><\/select><\/span>\n\t\t<\/p>\n\t<\/div>\n\t<div class=\"column\">\n\t\t<p>Inizio del corso (*): <span class=\"wpcf7-form-control-wrap\" data-name=\"Kursbeginn\"><input class=\"wpcf7-form-control wpcf7-date wpcf7-validates-as-required wpcf7-validates-as-date\" aria-required=\"true\" aria-invalid=\"false\" value=\"\" type=\"date\" name=\"Kursbeginn\" \/><\/span>\n\t\t<\/p>\n\t<\/div>\n<\/div>\n<div class=\"two-columns\">\n\t<div class=\"column\">\n\t\t<p>Durata del corso (*): <span class=\"wpcf7-form-control-wrap\" data-name=\"dauer\"><input size=\"40\" maxlength=\"400\" class=\"wpcf7-form-control wpcf7-text wpcf7-validates-as-required\" aria-required=\"true\" aria-invalid=\"false\" placeholder=\"z.B. 4 Wochen f\u00fcr Intensivkurs\" value=\"\" type=\"text\" name=\"dauer\" \/><\/span>\n\t\t<\/p>\n\t<\/div>\n\t<div class=\"column\">\n\t\t<p>Numero di ore desiderato: <span class=\"wpcf7-form-control-wrap\" data-name=\"Stundenzahl\"><input size=\"40\" maxlength=\"400\" class=\"wpcf7-form-control wpcf7-text\" aria-invalid=\"false\" value=\"\" type=\"text\" name=\"Stundenzahl\" \/><\/span>\n\t\t<\/p>\n\t<\/div>\n<\/div>\n<p>&nbsp;\n<\/p>\n<p><b>Pagamento:<\/b>\n<\/p>\n<p>Metodi di pagamento: <span class=\"wpcf7-form-control-wrap\" data-name=\"Zahlung\"><select class=\"wpcf7-form-control wpcf7-select wpcf7-validates-as-required\" aria-required=\"true\" aria-invalid=\"false\" name=\"Zahlung\"><option value=\"Contanti in orario lavorativo presso la nostra sede\">Contanti in orario lavorativo presso la nostra sede<\/option><option value=\"Bonifico bancario\">Bonifico bancario<\/option><\/select><\/span>\n<\/p>\n<p>&nbsp;\n<\/p>\n<p><b>Osservazioni, suggerimenti<\/b><br \/>\n<span class=\"wpcf7-form-control-wrap\" data-name=\"Bemerkungen\"><textarea cols=\"40\" rows=\"10\" maxlength=\"2000\" class=\"wpcf7-form-control wpcf7-textarea\" aria-invalid=\"false\" name=\"Bemerkungen\"><\/textarea><\/span>\n<\/p>\n<div style=\"\">\n\t<p><span class=\"wpcf7-form-control-wrap\" data-name=\"agb\"><span class=\"wpcf7-form-control wpcf7-acceptance\"><span class=\"wpcf7-list-item\"><input type=\"checkbox\" name=\"agb\" value=\"1\" aria-invalid=\"false\" \/><\/span><\/span><\/span> (*) Ho le <a href=\"https:\/\/www.sprachschule-aktiv-freiburg.de\/allgemeineoe-geschaeftsbedingungen\/\" target=\" _blank\"> Ho preso atto dei termini e condizioni generali<\/a> (inclusa la politica di cancellazione) e li accetto. Ho preso atto delle informazioni sulla <a href=\"https:\/\/www.sprachschule-aktiv-freiburg.de\/datenschutzerklaerung\/\" target=\"_blank\">protezione dei dati<\/a>.\n\t<\/p>\n<\/div>\n<div style=\"\">\n\t<p><span class=\"wpcf7-form-control-wrap\" data-name=\"Widerrufsfrist\"><span class=\"wpcf7-form-control wpcf7-acceptance\"><span class=\"wpcf7-list-item\"><input type=\"checkbox\" name=\"Widerrufsfrist\" value=\"1\" aria-invalid=\"false\" \/><\/span><\/span><\/span> (*) Con la presente accetto espressamente che tu inizi a fornire il servizio prima della scadenza del periodo di cancellazione e lo richiedo espressamente. Sono consapevole che il mio diritto di recesso decadr\u00e0 qualora il contratto venga integralmente adempiuto. So inoltre che sono tenuto a pagare un compenso per servizi parziali gi\u00e0 forniti (ad esempio tasse d&#8217;esame sostenute, spese simili o unit\u00e0 didattiche gi\u00e0 frequentate) se rescindo il contratto prima che il servizio sia stato completamente fornito.\n\t<\/p>\n<\/div>\n<p><b>Informazioni importanti: utilizzo dei tuoi dati da questo modulo<\/b><br \/>\nInformazioni importanti sulla protezione dei dati: ho riconosciuto di avere il diritto all&#8217;informazione, alla correzione, alla cancellazione o all&#8217;anonimizzazione dei miei dati. I tuoi dati personali sono archiviati nel nostro database interno e vengono utilizzati esclusivamente per elaborare la tua richiesta o registrazione. In linea di principio non trasmetteremo i vostri dati personali a terzi senza il vostro consenso, a meno che ci\u00f2 non sia necessario per l&#8217;esecuzione del contratto o voi non ce lo richiediate. Per ulteriori informazioni, consultare la nostra <a href=\"https:\/\/www.sprachschule-aktiv-freiburg.de\/datenschutzerklaerung\/\" target=\"_blank\">dichiarazione sulla protezione dei dati<\/a>.\n<\/p>\n<p><input class=\"wpcf7-form-control wpcf7-submit has-spinner\" type=\"submit\" value=\"Ordina a pagamento\" \/>\n<\/p><div class=\"wpcf7-response-output\" aria-hidden=\"true\"><\/div>\n<\/form>\n<\/div>\n\t\t\t\t\t\t\t\t<\/div>\n\t\t\t\t<\/div>\n\t\t\t\t\t<\/div>\n\t\t\t\t<\/div>\n\t\t\t\t<\/div>\n\t\t","protected":false},"excerpt":{"rendered":"<p>Iscrizione ai corsi di lingue Iscrizione ai corsi di lingue &#8211; Per favore, compila il modulo di iscrizione per il corso di lingue desiderato.<\/p>\n","protected":false},"author":1,"featured_media":0,"parent":0,"menu_order":0,"comment_status":"closed","ping_status":"closed","template":"","meta":{"_acf_changed":false,"footnotes":""},"class_list":["post-1338","page","type-page","status-publish","hentry"],"acf":[],"yoast_head":"<!-- This site is optimized with the Yoast SEO plugin v27.1.1 - https:\/\/yoast.com\/product\/yoast-seo-wordpress\/ -->\n<title>Iscrizione ai nostri corsi di lingue a Friburgo - Imparare il tedesco<\/title>\n<meta name=\"description\" content=\"In questa pagina puoi iscriverti volentieri a un corso di lingue. Modulo di iscrizione ai corsi di lingue della Scuola di lingue Aktiv Freiburg.\" \/>\n<meta name=\"robots\" content=\"index, follow, max-snippet:-1, max-image-preview:large, max-video-preview:-1\" \/>\n<link rel=\"canonical\" href=\"https:\/\/www.sprachschule-aktiv-freiburg.de\/it\/iscrizione-ai-corsi-di-lingue\/\" \/>\n<meta property=\"og:locale\" content=\"it_IT\" \/>\n<meta property=\"og:type\" content=\"article\" \/>\n<meta property=\"og:title\" content=\"Iscrizione ai nostri corsi di lingue a Friburgo - Imparare il tedesco\" \/>\n<meta property=\"og:description\" content=\"In questa pagina puoi iscriverti volentieri a un corso di lingue. Modulo di iscrizione ai corsi di lingue della Scuola di lingue Aktiv Freiburg.\" \/>\n<meta property=\"og:url\" content=\"https:\/\/www.sprachschule-aktiv-freiburg.de\/it\/iscrizione-ai-corsi-di-lingue\/\" \/>\n<meta property=\"og:site_name\" content=\"Sprachschule Aktiv Freiburg\" \/>\n<meta property=\"article:modified_time\" content=\"2025-01-14T08:30:33+00:00\" \/>\n<meta name=\"twitter:card\" content=\"summary_large_image\" \/>\n<meta name=\"twitter:label1\" content=\"Tempo di lettura stimato\" \/>\n\t<meta name=\"twitter:data1\" content=\"1 minuto\" \/>\n<script type=\"application\/ld+json\" class=\"yoast-schema-graph\">{\"@context\":\"https:\/\/schema.org\",\"@graph\":[{\"@type\":\"WebPage\",\"@id\":\"https:\/\/www.sprachschule-aktiv-freiburg.de\/it\/iscrizione-ai-corsi-di-lingue\/\",\"url\":\"https:\/\/www.sprachschule-aktiv-freiburg.de\/it\/iscrizione-ai-corsi-di-lingue\/\",\"name\":\"Iscrizione ai nostri corsi di lingue a Friburgo - Imparare il tedesco\",\"isPartOf\":{\"@id\":\"https:\/\/www.sprachschule-aktiv-freiburg.de\/#website\"},\"datePublished\":\"2024-10-18T19:01:15+00:00\",\"dateModified\":\"2025-01-14T08:30:33+00:00\",\"description\":\"In questa pagina puoi iscriverti volentieri a un corso di lingue. Modulo di iscrizione ai corsi di lingue della Scuola di lingue Aktiv Freiburg.\",\"breadcrumb\":{\"@id\":\"https:\/\/www.sprachschule-aktiv-freiburg.de\/it\/iscrizione-ai-corsi-di-lingue\/#breadcrumb\"},\"inLanguage\":\"it-IT\",\"potentialAction\":[{\"@type\":\"ReadAction\",\"target\":[\"https:\/\/www.sprachschule-aktiv-freiburg.de\/it\/iscrizione-ai-corsi-di-lingue\/\"]}]},{\"@type\":\"BreadcrumbList\",\"@id\":\"https:\/\/www.sprachschule-aktiv-freiburg.de\/it\/iscrizione-ai-corsi-di-lingue\/#breadcrumb\",\"itemListElement\":[{\"@type\":\"ListItem\",\"position\":1,\"name\":\"Startseite\",\"item\":\"https:\/\/www.sprachschule-aktiv-freiburg.de\/it\/\"},{\"@type\":\"ListItem\",\"position\":2,\"name\":\"Iscrizione ai corsi di lingue\"}]},{\"@type\":\"WebSite\",\"@id\":\"https:\/\/www.sprachschule-aktiv-freiburg.de\/#website\",\"url\":\"https:\/\/www.sprachschule-aktiv-freiburg.de\/\",\"name\":\"Sprachschule Aktiv Freiburg\",\"description\":\"\",\"potentialAction\":[{\"@type\":\"SearchAction\",\"target\":{\"@type\":\"EntryPoint\",\"urlTemplate\":\"https:\/\/www.sprachschule-aktiv-freiburg.de\/?s={search_term_string}\"},\"query-input\":{\"@type\":\"PropertyValueSpecification\",\"valueRequired\":true,\"valueName\":\"search_term_string\"}}],\"inLanguage\":\"it-IT\"}]}<\/script>\n<!-- \/ Yoast SEO plugin. -->","yoast_head_json":{"title":"Iscrizione ai nostri corsi di lingue a Friburgo - Imparare il tedesco","description":"In questa pagina puoi iscriverti volentieri a un corso di lingue. Modulo di iscrizione ai corsi di lingue della Scuola di lingue Aktiv Freiburg.","robots":{"index":"index","follow":"follow","max-snippet":"max-snippet:-1","max-image-preview":"max-image-preview:large","max-video-preview":"max-video-preview:-1"},"canonical":"https:\/\/www.sprachschule-aktiv-freiburg.de\/it\/iscrizione-ai-corsi-di-lingue\/","og_locale":"it_IT","og_type":"article","og_title":"Iscrizione ai nostri corsi di lingue a Friburgo - Imparare il tedesco","og_description":"In questa pagina puoi iscriverti volentieri a un corso di lingue. Modulo di iscrizione ai corsi di lingue della Scuola di lingue Aktiv Freiburg.","og_url":"https:\/\/www.sprachschule-aktiv-freiburg.de\/it\/iscrizione-ai-corsi-di-lingue\/","og_site_name":"Sprachschule Aktiv Freiburg","article_modified_time":"2025-01-14T08:30:33+00:00","twitter_card":"summary_large_image","twitter_misc":{"Tempo di lettura stimato":"1 minuto"},"schema":{"@context":"https:\/\/schema.org","@graph":[{"@type":"WebPage","@id":"https:\/\/www.sprachschule-aktiv-freiburg.de\/it\/iscrizione-ai-corsi-di-lingue\/","url":"https:\/\/www.sprachschule-aktiv-freiburg.de\/it\/iscrizione-ai-corsi-di-lingue\/","name":"Iscrizione ai nostri corsi di lingue a Friburgo - Imparare il tedesco","isPartOf":{"@id":"https:\/\/www.sprachschule-aktiv-freiburg.de\/#website"},"datePublished":"2024-10-18T19:01:15+00:00","dateModified":"2025-01-14T08:30:33+00:00","description":"In questa pagina puoi iscriverti volentieri a un corso di lingue. Modulo di iscrizione ai corsi di lingue della Scuola di lingue Aktiv Freiburg.","breadcrumb":{"@id":"https:\/\/www.sprachschule-aktiv-freiburg.de\/it\/iscrizione-ai-corsi-di-lingue\/#breadcrumb"},"inLanguage":"it-IT","potentialAction":[{"@type":"ReadAction","target":["https:\/\/www.sprachschule-aktiv-freiburg.de\/it\/iscrizione-ai-corsi-di-lingue\/"]}]},{"@type":"BreadcrumbList","@id":"https:\/\/www.sprachschule-aktiv-freiburg.de\/it\/iscrizione-ai-corsi-di-lingue\/#breadcrumb","itemListElement":[{"@type":"ListItem","position":1,"name":"Startseite","item":"https:\/\/www.sprachschule-aktiv-freiburg.de\/it\/"},{"@type":"ListItem","position":2,"name":"Iscrizione ai corsi di lingue"}]},{"@type":"WebSite","@id":"https:\/\/www.sprachschule-aktiv-freiburg.de\/#website","url":"https:\/\/www.sprachschule-aktiv-freiburg.de\/","name":"Sprachschule Aktiv Freiburg","description":"","potentialAction":[{"@type":"SearchAction","target":{"@type":"EntryPoint","urlTemplate":"https:\/\/www.sprachschule-aktiv-freiburg.de\/?s={search_term_string}"},"query-input":{"@type":"PropertyValueSpecification","valueRequired":true,"valueName":"search_term_string"}}],"inLanguage":"it-IT"}]}},"_links":{"self":[{"href":"https:\/\/www.sprachschule-aktiv-freiburg.de\/it\/wp-json\/wp\/v2\/pages\/1338","targetHints":{"allow":["GET"]}}],"collection":[{"href":"https:\/\/www.sprachschule-aktiv-freiburg.de\/it\/wp-json\/wp\/v2\/pages"}],"about":[{"href":"https:\/\/www.sprachschule-aktiv-freiburg.de\/it\/wp-json\/wp\/v2\/types\/page"}],"author":[{"embeddable":true,"href":"https:\/\/www.sprachschule-aktiv-freiburg.de\/it\/wp-json\/wp\/v2\/users\/1"}],"replies":[{"embeddable":true,"href":"https:\/\/www.sprachschule-aktiv-freiburg.de\/it\/wp-json\/wp\/v2\/comments?post=1338"}],"version-history":[{"count":7,"href":"https:\/\/www.sprachschule-aktiv-freiburg.de\/it\/wp-json\/wp\/v2\/pages\/1338\/revisions"}],"predecessor-version":[{"id":1346,"href":"https:\/\/www.sprachschule-aktiv-freiburg.de\/it\/wp-json\/wp\/v2\/pages\/1338\/revisions\/1346"}],"wp:attachment":[{"href":"https:\/\/www.sprachschule-aktiv-freiburg.de\/it\/wp-json\/wp\/v2\/media?parent=1338"}],"curies":[{"name":"wp","href":"https:\/\/api.w.org\/{rel}","templated":true}]}}